{"id":2032,"date":"2025-11-01T10:07:02","date_gmt":"2025-11-01T09:07:02","guid":{"rendered":"https:\/\/demo.awaikenthemes.com\/physiocare\/?page_id=2032"},"modified":"2025-11-18T09:55:36","modified_gmt":"2025-11-18T08:55:36","slug":"reservas","status":"publish","type":"page","link":"https:\/\/umanafisioterapia.com\/eu\/reservas\/","title":{"rendered":"Erreserbak"},"content":{"rendered":"<div data-elementor-type=\"wp-page\" data-elementor-id=\"2032\" class=\"elementor elementor-2032\">\n\t\t\t\t<div class=\"elementor-element elementor-element-a73042d e-flex e-con-boxed e-con e-parent\" data-id=\"a73042d\" data-element_type=\"container\" data-e-type=\"container\" data-settings=\"{&quot;background_background&quot;:&quot;classic&quot;}\">\n\t\t\t\t\t<div class=\"e-con-inner\">\n\t\t<div class=\"elementor-element elementor-element-ca803ca e-con-full e-flex e-con e-child\" data-id=\"ca803ca\" data-element_type=\"container\" data-e-type=\"container\">\n\t\t\t\t<div class=\"elementor-element elementor-element-9eb2b5e at-heading-animation at-animation-heading-style-2 elementor-widget elementor-widget-heading\" data-id=\"9eb2b5e\" data-element_type=\"widget\" data-e-type=\"widget\" data-settings=\"{&quot;ekit_we_effect_on&quot;:&quot;none&quot;}\" data-widget_type=\"heading.default\">\n\t\t\t\t\t<h1 class=\"elementor-heading-title elementor-size-default\">Eskatu erreserba bat<\/h1>\t\t\t\t<\/div>\n\t\t\t\t<div class=\"elementor-element elementor-element-41cf3e2 elementor-invisible elementor-widget elementor-widget-elementskit-breadcrumb\" data-id=\"41cf3e2\" data-element_type=\"widget\" data-e-type=\"widget\" data-settings=\"{&quot;_animation&quot;:&quot;fadeInUp&quot;,&quot;ekit_we_effect_on&quot;:&quot;none&quot;}\" data-widget_type=\"elementskit-breadcrumb.default\">\n\t\t\t\t<div class=\"elementor-widget-container\">\n\t\t\t\t\t<div class=\"ekit-wid-con\" ><ol class=\"ekit-breadcrumb\"><li class=\"ekit_breadcrumbs_start\"><a href=\"https:\/\/umanafisioterapia.com\/eu\">Etxea<\/a><\/li><\/ol><\/div>\t\t\t\t<\/div>\n\t\t\t\t<\/div>\n\t\t\t\t<\/div>\n\t\t\t\t\t<\/div>\n\t\t\t\t<\/div>\n\t\t<div class=\"elementor-element elementor-element-60f1779 e-flex e-con-boxed e-con e-parent\" data-id=\"60f1779\" data-element_type=\"container\" data-e-type=\"container\">\n\t\t\t\t\t<div class=\"e-con-inner\">\n\t\t<div class=\"elementor-element elementor-element-a95f3b0 e-flex e-con-boxed e-con e-child\" data-id=\"a95f3b0\" data-element_type=\"container\" data-e-type=\"container\">\n\t\t\t\t\t<div class=\"e-con-inner\">\n\t\t\t\t<div class=\"elementor-element elementor-element-e56da20 at-heading-animation at-animation-heading-none elementor-invisible elementor-widget elementor-widget-heading\" data-id=\"e56da20\" data-element_type=\"widget\" data-e-type=\"widget\" data-settings=\"{&quot;_animation&quot;:&quot;fadeInUp&quot;,&quot;ekit_we_effect_on&quot;:&quot;none&quot;}\" data-widget_type=\"heading.default\">\n\t\t\t\t\t<h3 class=\"elementor-heading-title elementor-size-default\">Hitzordua<\/h3>\t\t\t\t<\/div>\n\t\t\t\t<div class=\"elementor-element elementor-element-269930d at-heading-animation at-animation-heading-style-2 elementor-widget elementor-widget-heading\" data-id=\"269930d\" data-element_type=\"widget\" data-e-type=\"widget\" data-settings=\"{&quot;ekit_we_effect_on&quot;:&quot;none&quot;}\" data-widget_type=\"heading.default\">\n\t\t\t\t\t<h2 class=\"elementor-heading-title elementor-size-default\">Bidali zure <span>aplikazio<\/span><\/h2>\t\t\t\t<\/div>\n\t\t\t\t<div class=\"elementor-element elementor-element-d72cd22 contactform elementor-invisible elementor-widget elementor-widget-elementskit-contact-form7\" data-id=\"d72cd22\" data-element_type=\"widget\" data-e-type=\"widget\" data-settings=\"{&quot;_animation&quot;:&quot;fadeInUp&quot;,&quot;_animation_delay&quot;:100,&quot;ekit_we_effect_on&quot;:&quot;none&quot;}\" data-widget_type=\"elementskit-contact-form7.default\">\n\t\t\t\t\t<div class=\"ekit-wid-con\" ><div class=\"ekit-form\">\n<div class=\"wpcf7 no-js\" id=\"wpcf7-f2107-o1\" lang=\"en-US\" dir=\"ltr\" data-wpcf7-id=\"2107\">\n<div class=\"screen-reader-response\"><p role=\"status\" aria-live=\"polite\" aria-atomic=\"true\"><\/p> <ul><\/ul><\/div>\n<form action=\"\/eu\/wp-json\/wp\/v2\/pages\/2032#wpcf7-f2107-o1\" method=\"post\" class=\"wpcf7-form init\" aria-label=\"Contact form\" novalidate=\"novalidate\" data-status=\"init\" data-trp-original-action=\"\/eu\/wp-json\/wp\/v2\/pages\/2032#wpcf7-f2107-o1\">\n<fieldset class=\"hidden-fields-container\"><input type=\"hidden\" name=\"_wpcf7\" value=\"2107\" \/><input type=\"hidden\" name=\"_wpcf7_version\" value=\"6.1.5\" \/><input type=\"hidden\" name=\"_wpcf7_locale\" value=\"en_US\" \/><input type=\"hidden\" name=\"_wpcf7_unit_tag\" value=\"wpcf7-f2107-o1\" \/><input type=\"hidden\" name=\"_wpcf7_container_post\" value=\"0\" \/><input type=\"hidden\" name=\"_wpcf7_posted_data_hash\" value=\"\" \/>\n<\/fieldset>\n<div class=\"row\">\n\t<div class=\"form-group col-md-6 mb-4\">\n\t\t<p><span class=\"wpcf7-form-control-wrap\" data-name=\"your-name\"><input size=\"40\" maxlength=\"400\" class=\"wpcf7-form-control wpcf7-text wpcf7-validates-as-required form-control\" id=\"name\" aria-required=\"true\" aria-invalid=\"false\" placeholder=\"Izena\" value=\"\" type=\"text\" name=\"your-name\" \/><\/span>\n\t\t<\/p>\n\t<\/div>\n\t<div class=\"form-group col-md-6 mb-4\">\n\t\t<p><span class=\"wpcf7-form-control-wrap\" data-name=\"your-email\"><input size=\"40\" maxlength=\"400\" class=\"wpcf7-form-control wpcf7-email wpcf7-validates-as-required wpcf7-text wpcf7-validates-as-email form-control\" id=\"email\" aria-required=\"true\" aria-invalid=\"false\" placeholder=\"Posta elektronikoa\" value=\"\" type=\"email\" name=\"your-email\" \/><\/span>\n\t\t<\/p>\n\t<\/div>\n\t<div class=\"form-group col-md-6 mb-4\">\n\t\t<p><span class=\"wpcf7-form-control-wrap\" data-name=\"phone\"><input size=\"40\" maxlength=\"400\" class=\"wpcf7-form-control wpcf7-text wpcf7-validates-as-required form-control\" id=\"phone\" aria-required=\"true\" aria-invalid=\"false\" placeholder=\"Telefonoa\" value=\"\" type=\"text\" name=\"phone\" \/><\/span>\n\t\t<\/p>\n\t<\/div>\n\t<div class=\"form-group select-field col-md-6 mb-4\">\n\t\t<p><span class=\"wpcf7-form-control-wrap\" data-name=\"select-35\"><select class=\"wpcf7-form-control wpcf7-select\" aria-invalid=\"false\" name=\"select-35\"><option value=\"\">Helduak<\/option><option value=\"Ni\u00f1os\">Haurrak<\/option><option value=\"Beb\u00e9s\">Edaten duzu.<\/option><\/select><\/span>\n\t\t<\/p>\n\t<\/div>\n\t<div class=\"form-group col-md-12 mb-4\">\n\t\t<p><span class=\"wpcf7-form-control-wrap\" data-name=\"date\"><input class=\"wpcf7-form-control wpcf7-date wpcf7-validates-as-required wpcf7-validates-as-date form-control\" id=\"date\" aria-required=\"true\" aria-invalid=\"false\" placeholder=\"Hobetsitako data eta ordua\" value=\"\" type=\"date\" name=\"date\" \/><\/span>\n\t\t<\/p>\n\t<\/div>\n\t<div class=\"form-group col-md-12 mb-4\">\n\t\t<p><span class=\"wpcf7-form-control-wrap\" data-name=\"textarea-576\"><textarea cols=\"40\" rows=\"10\" maxlength=\"2000\" class=\"wpcf7-form-control wpcf7-textarea form-control\" aria-invalid=\"false\" placeholder=\"Iruzkinak\" name=\"textarea-576\"><\/textarea><\/span>\n\t\t<\/p>\n\t<\/div>\n\t<div class=\"form-group col-md-12 mb-4\">\n\t\t<p><span class=\"wpcf7-form-control-wrap\" data-name=\"acceptance-238\"><span class=\"wpcf7-form-control wpcf7-acceptance\"><span class=\"wpcf7-list-item\"><label><input type=\"checkbox\" name=\"acceptance-238\" value=\"1\" aria-invalid=\"false\" \/><span class=\"wpcf7-list-item-label\">Onartzen dut <a href=\"https:\/\/umanafisioterapia.com\/eu\/privacidad\/\">Pribatutasun Politika<\/a><\/span><\/label><\/span><\/span><\/span>\n\t\t<\/p>\n\t<\/div>\n\t<div class=\"col-md-12 form-btn text-center\">\n\t\t<p><input class=\"wpcf7-form-control wpcf7-submit has-spinner contact-btn\" id=\"msgSubmit\" type=\"submit\" value=\"Bidali eskaera\" \/>\n\t\t<\/p>\n\t<\/div>\n<\/div><div class=\"wpcf7-response-output\" aria-hidden=\"true\"><\/div>\n<input type=\"hidden\" name=\"trp-form-language\" value=\"eu\"\/><\/form>\n<\/div>\n<\/div><\/div>\t\t\t\t<\/div>\n\t\t\t\t\t<\/div>\n\t\t\t\t<\/div>\n\t\t\t\t\t<\/div>\n\t\t\t\t<\/div>\n\t\t<div class=\"elementor-element elementor-element-e33606d e-flex e-con-boxed e-con e-parent\" data-id=\"e33606d\" data-element_type=\"container\" data-e-type=\"container\">\n\t\t\t\t\t<div class=\"e-con-inner\">\n\t\t<div class=\"elementor-element elementor-element-48da0ea e-con-full e-flex e-con e-child\" data-id=\"48da0ea\" data-element_type=\"container\" data-e-type=\"container\">\n\t\t\t\t<div class=\"elementor-element elementor-element-def7e4e at-heading-animation at-animation-heading-none elementor-invisible elementor-widget elementor-widget-heading\" data-id=\"def7e4e\" data-element_type=\"widget\" data-e-type=\"widget\" data-settings=\"{&quot;_animation&quot;:&quot;fadeInUp&quot;,&quot;ekit_we_effect_on&quot;:&quot;none&quot;}\" data-widget_type=\"heading.default\">\n\t\t\t\t\t<h3 class=\"elementor-heading-title elementor-size-default\">Prozesua<\/h3>\t\t\t\t<\/div>\n\t\t\t\t<div class=\"elementor-element elementor-element-c03a60a at-heading-animation at-animation-heading-style-2 elementor-widget elementor-widget-heading\" data-id=\"c03a60a\" data-element_type=\"widget\" data-e-type=\"widget\" data-settings=\"{&quot;ekit_we_effect_on&quot;:&quot;none&quot;}\" data-widget_type=\"heading.default\">\n\t\t\t\t\t<h2 class=\"elementor-heading-title elementor-size-default\">Gure <span>erreserba prozesua<\/span><\/h2>\t\t\t\t<\/div>\n\t\t\t\t<\/div>\n\t\t<div class=\"elementor-element elementor-element-ddaa7b8 e-con-full e-flex e-con e-child\" data-id=\"ddaa7b8\" data-element_type=\"container\" data-e-type=\"container\">\n\t\t<div class=\"elementor-element elementor-element-57d5de9 e-con-full e-flex elementor-invisible e-con e-child\" data-id=\"57d5de9\" data-element_type=\"container\" data-e-type=\"container\" data-settings=\"{&quot;animation&quot;:&quot;fadeInUp&quot;}\">\n\t\t\t\t<div class=\"elementor-element elementor-element-9cbfae2 therapy-process-item elementor-position-top elementor-widget elementor-widget-image-box\" data-id=\"9cbfae2\" data-element_type=\"widget\" data-e-type=\"widget\" data-settings=\"{&quot;ekit_we_effect_on&quot;:&quot;none&quot;}\" data-widget_type=\"image-box.default\">\n\t\t\t\t\t<div class=\"elementor-image-box-wrapper\"><figure class=\"elementor-image-box-img\"><img decoding=\"async\" width=\"100\" height=\"100\" src=\"https:\/\/umanafisioterapia.com\/wp-content\/uploads\/2024\/07\/therapy-process-4.jpg\" class=\"attachment-full size-full wp-image-2454\" alt=\"\" \/><\/figure><div class=\"elementor-image-box-content\"><h3 class=\"elementor-image-box-title\">Bidali eskaera bat<\/h3><p class=\"elementor-image-box-description\">Bete formularioa zure datuekin eta eskatutako datarekin.<\/p><\/div><\/div>\t\t\t\t<\/div>\n\t\t\t\t<div class=\"elementor-element elementor-element-738eaf7 elementor-widget__width-auto elementor-absolute elementor-hidden-mobile at-image-animation at-animation-image-none elementor-widget elementor-widget-image\" data-id=\"738eaf7\" data-element_type=\"widget\" data-e-type=\"widget\" data-settings=\"{&quot;_position&quot;:&quot;absolute&quot;,&quot;ekit_we_effect_on&quot;:&quot;none&quot;}\" data-widget_type=\"image.default\">\n\t\t\t\t\t\t\t\t\t\t\t\t\t\t\t<img decoding=\"async\" width=\"135\" height=\"23\" src=\"https:\/\/umanafisioterapia.com\/wp-content\/uploads\/2024\/07\/icon-right-up-arrow.svg\" class=\"attachment-large size-large wp-image-2520\" alt=\"\" \/>\t\t\t\t\t\t\t\t\t\t\t\t\t\t\t<\/div>\n\t\t\t\t<\/div>\n\t\t<div class=\"elementor-element elementor-element-5193e17 e-con-full e-flex elementor-invisible e-con e-child\" data-id=\"5193e17\" data-element_type=\"container\" data-e-type=\"container\" data-settings=\"{&quot;animation&quot;:&quot;fadeInUp&quot;,&quot;animation_delay&quot;:100}\">\n\t\t\t\t<div class=\"elementor-element elementor-element-89d60b5 therapy-process-item elementor-position-top elementor-widget elementor-widget-image-box\" data-id=\"89d60b5\" data-element_type=\"widget\" data-e-type=\"widget\" data-settings=\"{&quot;ekit_we_effect_on&quot;:&quot;none&quot;}\" data-widget_type=\"image-box.default\">\n\t\t\t\t\t<div class=\"elementor-image-box-wrapper\"><figure class=\"elementor-image-box-img\"><img decoding=\"async\" width=\"100\" height=\"100\" src=\"https:\/\/umanafisioterapia.com\/wp-content\/uploads\/2024\/07\/therapy-process-3.jpg\" class=\"attachment-full size-full wp-image-2453\" alt=\"\" \/><\/figure><div class=\"elementor-image-box-content\"><h3 class=\"elementor-image-box-title\">Agenda ikusten dugu.<\/h3><p class=\"elementor-image-box-description\">Aukeratutako tratamenduaren arabera egiaztatzen dugu erabilgarritasuna.<\/p><\/div><\/div>\t\t\t\t<\/div>\n\t\t\t\t<div class=\"elementor-element elementor-element-c6ee8e3 elementor-widget__width-auto elementor-absolute elementor-hidden-tablet elementor-hidden-mobile at-image-animation at-animation-image-none elementor-widget elementor-widget-image\" data-id=\"c6ee8e3\" data-element_type=\"widget\" data-e-type=\"widget\" data-settings=\"{&quot;_position&quot;:&quot;absolute&quot;,&quot;ekit_we_effect_on&quot;:&quot;none&quot;}\" data-widget_type=\"image.default\">\n\t\t\t\t\t\t\t\t\t\t\t\t\t\t\t<img loading=\"lazy\" decoding=\"async\" width=\"135\" height=\"23\" src=\"https:\/\/umanafisioterapia.com\/wp-content\/uploads\/2024\/07\/icon-right-down-arrow.svg\" class=\"attachment-large size-large wp-image-2521\" alt=\"\" \/>\t\t\t\t\t\t\t\t\t\t\t\t\t\t\t<\/div>\n\t\t\t\t<\/div>\n\t\t<div class=\"elementor-element elementor-element-01469e9 e-con-full e-flex elementor-invisible e-con e-child\" data-id=\"01469e9\" data-element_type=\"container\" data-e-type=\"container\" data-settings=\"{&quot;animation&quot;:&quot;fadeInUp&quot;,&quot;animation_delay&quot;:200}\">\n\t\t\t\t<div class=\"elementor-element elementor-element-0aba899 therapy-process-item elementor-position-top elementor-widget elementor-widget-image-box\" data-id=\"0aba899\" data-element_type=\"widget\" data-e-type=\"widget\" data-settings=\"{&quot;ekit_we_effect_on&quot;:&quot;none&quot;}\" data-widget_type=\"image-box.default\">\n\t\t\t\t\t<div class=\"elementor-image-box-wrapper\"><figure class=\"elementor-image-box-img\"><img loading=\"lazy\" decoding=\"async\" width=\"100\" height=\"100\" src=\"https:\/\/umanafisioterapia.com\/wp-content\/uploads\/2024\/07\/therapy-process-2.jpg\" class=\"attachment-full size-full wp-image-2456\" alt=\"\" \/><\/figure><div class=\"elementor-image-box-content\"><h3 class=\"elementor-image-box-title\">Deituko dizugu.<\/h3><p class=\"elementor-image-box-description\">Zurekin harremanetan jarriko gara eta zure dataren erabilgarritasuna baieztatuko dugu.<\/p><\/div><\/div>\t\t\t\t<\/div>\n\t\t\t\t<div class=\"elementor-element elementor-element-fab3fbe elementor-widget__width-auto elementor-absolute elementor-hidden-mobile at-image-animation at-animation-image-none elementor-widget elementor-widget-image\" data-id=\"fab3fbe\" data-element_type=\"widget\" data-e-type=\"widget\" data-settings=\"{&quot;_position&quot;:&quot;absolute&quot;,&quot;ekit_we_effect_on&quot;:&quot;none&quot;}\" data-widget_type=\"image.default\">\n\t\t\t\t\t\t\t\t\t\t\t\t\t\t\t<img decoding=\"async\" width=\"135\" height=\"23\" src=\"https:\/\/umanafisioterapia.com\/wp-content\/uploads\/2024\/07\/icon-right-up-arrow.svg\" class=\"attachment-large size-large wp-image-2520\" alt=\"\" \/>\t\t\t\t\t\t\t\t\t\t\t\t\t\t\t<\/div>\n\t\t\t\t<\/div>\n\t\t<div class=\"elementor-element elementor-element-c695366 e-con-full e-flex elementor-invisible e-con e-child\" data-id=\"c695366\" data-element_type=\"container\" data-e-type=\"container\" data-settings=\"{&quot;animation&quot;:&quot;fadeInUp&quot;,&quot;animation_delay&quot;:300}\">\n\t\t\t\t<div class=\"elementor-element elementor-element-ba83cb0 therapy-process-item elementor-position-top elementor-widget elementor-widget-image-box\" data-id=\"ba83cb0\" data-element_type=\"widget\" data-e-type=\"widget\" data-settings=\"{&quot;ekit_we_effect_on&quot;:&quot;none&quot;}\" data-widget_type=\"image-box.default\">\n\t\t\t\t\t<div class=\"elementor-image-box-wrapper\"><figure class=\"elementor-image-box-img\"><img loading=\"lazy\" decoding=\"async\" width=\"100\" height=\"100\" src=\"https:\/\/umanafisioterapia.com\/wp-content\/uploads\/2025\/11\/therapy-process-1.jpg\" class=\"attachment-full size-full wp-image-7847\" alt=\"\" \/><\/figure><div class=\"elementor-image-box-content\"><h3 class=\"elementor-image-box-title\">Erreserbatu genuen.<\/h3><p class=\"elementor-image-box-description\">Baieztatzen dugu eta adostutako egunean eta orduan zain egongo gara.<\/p><\/div><\/div>\t\t\t\t<\/div>\n\t\t\t\t<\/div>\n\t\t\t\t<\/div>\n\t\t\t\t\t<\/div>\n\t\t\t\t<\/div>\n\t\t\t\t<\/div>","protected":false},"excerpt":{"rendered":"<p>Solicita una reserva Home CIta Env\u00eda tu solicitud AdultosNi\u00f1osBeb\u00e9s Acepto la Pol\u00edtica [&hellip;]<\/p>\n","protected":false},"author":2,"featured_media":0,"parent":0,"menu_order":0,"comment_status":"closed","ping_status":"closed","template":"elementor_header_footer","meta":{"ngg_post_thumbnail":0,"footnotes":""},"class_list":["post-2032","page","type-page","status-publish","hentry"],"yoast_head":"<!-- This site is optimized with the Yoast SEO plugin v27.1.1 - https:\/\/yoast.com\/product\/yoast-seo-wordpress\/ -->\n<title>Reservas - Umana Fisioterapia<\/title>\n<meta name=\"robots\" content=\"index, follow, max-snippet:-1, max-image-preview:large, max-video-preview:-1\" \/>\n<link rel=\"canonical\" href=\"https:\/\/umanafisioterapia.com\/eu\/reservas\/\" \/>\n<meta property=\"og:locale\" content=\"en_US\" \/>\n<meta property=\"og:type\" content=\"article\" \/>\n<meta property=\"og:title\" content=\"Reservas - Umana Fisioterapia\" \/>\n<meta property=\"og:description\" content=\"Solicita una reserva Home CIta Env\u00eda tu solicitud AdultosNi\u00f1osBeb\u00e9s Acepto la Pol\u00edtica [&hellip;]\" \/>\n<meta property=\"og:url\" content=\"https:\/\/umanafisioterapia.com\/eu\/reservas\/\" \/>\n<meta property=\"og:site_name\" content=\"Umana Fisioterapia\" \/>\n<meta property=\"article:publisher\" content=\"https:\/\/www.facebook.com\/p\/UMANA-Fisioterapia-y-OsteopatC3ADa-100057050576070\/?locale=es_ES\" \/>\n<meta property=\"article:modified_time\" content=\"2025-11-18T08:55:36+00:00\" \/>\n<meta property=\"og:image\" content=\"https:\/\/umanafisioterapia.com\/wp-content\/uploads\/2024\/07\/therapy-process-4.jpg\" \/>\n\t<meta property=\"og:image:width\" content=\"100\" \/>\n\t<meta property=\"og:image:height\" content=\"100\" \/>\n\t<meta property=\"og:image:type\" content=\"image\/jpeg\" \/>\n<meta name=\"twitter:card\" content=\"summary_large_image\" \/>\n<meta name=\"twitter:label1\" content=\"Est. reading time\" \/>\n\t<meta name=\"twitter:data1\" content=\"1 minutua\" \/>\n<script type=\"application\/ld+json\" class=\"yoast-schema-graph\">{\"@context\":\"https:\/\/schema.org\",\"@graph\":[{\"@type\":\"WebPage\",\"@id\":\"https:\/\/umanafisioterapia.com\/reservas\/\",\"url\":\"https:\/\/umanafisioterapia.com\/reservas\/\",\"name\":\"Reservas - Umana Fisioterapia\",\"isPartOf\":{\"@id\":\"https:\/\/umanafisioterapia.com\/#website\"},\"primaryImageOfPage\":{\"@id\":\"https:\/\/umanafisioterapia.com\/reservas\/#primaryimage\"},\"image\":{\"@id\":\"https:\/\/umanafisioterapia.com\/reservas\/#primaryimage\"},\"thumbnailUrl\":\"https:\/\/umanafisioterapia.com\/wp-content\/uploads\/2024\/07\/therapy-process-4.jpg\",\"datePublished\":\"2025-11-01T09:07:02+00:00\",\"dateModified\":\"2025-11-18T08:55:36+00:00\",\"breadcrumb\":{\"@id\":\"https:\/\/umanafisioterapia.com\/reservas\/#breadcrumb\"},\"inLanguage\":\"eu\",\"potentialAction\":[{\"@type\":\"ReadAction\",\"target\":[\"https:\/\/umanafisioterapia.com\/reservas\/\"]}]},{\"@type\":\"ImageObject\",\"inLanguage\":\"eu\",\"@id\":\"https:\/\/umanafisioterapia.com\/reservas\/#primaryimage\",\"url\":\"https:\/\/umanafisioterapia.com\/wp-content\/uploads\/2024\/07\/therapy-process-4.jpg\",\"contentUrl\":\"https:\/\/umanafisioterapia.com\/wp-content\/uploads\/2024\/07\/therapy-process-4.jpg\"},{\"@type\":\"BreadcrumbList\",\"@id\":\"https:\/\/umanafisioterapia.com\/reservas\/#breadcrumb\",\"itemListElement\":[{\"@type\":\"ListItem\",\"position\":1,\"name\":\"Portada\",\"item\":\"https:\/\/umanafisioterapia.com\/\"},{\"@type\":\"ListItem\",\"position\":2,\"name\":\"Reservas\"}]},{\"@type\":\"WebSite\",\"@id\":\"https:\/\/umanafisioterapia.com\/#website\",\"url\":\"https:\/\/umanafisioterapia.com\/\",\"name\":\"Umana Fisioterapia\",\"description\":\"Cl\u00ednica de Fisioterapia y Osteopat\u00eda\",\"publisher\":{\"@id\":\"https:\/\/umanafisioterapia.com\/#organization\"},\"potentialAction\":[{\"@type\":\"SearchAction\",\"target\":{\"@type\":\"EntryPoint\",\"urlTemplate\":\"https:\/\/umanafisioterapia.com\/?s={search_term_string}\"},\"query-input\":{\"@type\":\"PropertyValueSpecification\",\"valueRequired\":true,\"valueName\":\"search_term_string\"}}],\"inLanguage\":\"eu\"},{\"@type\":\"Organization\",\"@id\":\"https:\/\/umanafisioterapia.com\/#organization\",\"name\":\"Umana Fisioterapia\",\"url\":\"https:\/\/umanafisioterapia.com\/\",\"logo\":{\"@type\":\"ImageObject\",\"inLanguage\":\"eu\",\"@id\":\"https:\/\/umanafisioterapia.com\/#\/schema\/logo\/image\/\",\"url\":\"https:\/\/umanafisioterapia.com\/wp-content\/uploads\/2025\/09\/cropped-LogoSinFondo.png\",\"contentUrl\":\"https:\/\/umanafisioterapia.com\/wp-content\/uploads\/2025\/09\/cropped-LogoSinFondo.png\",\"width\":346,\"height\":64,\"caption\":\"Umana Fisioterapia\"},\"image\":{\"@id\":\"https:\/\/umanafisioterapia.com\/#\/schema\/logo\/image\/\"},\"sameAs\":[\"https:\/\/www.facebook.com\/p\/UMANA-Fisioterapia-y-OsteopatC3ADa-100057050576070\/?locale=es_ES\",\"https:\/\/www.instagram.com\/umana_fisioterapia\/?hl=es\"]}]}<\/script>\n<!-- \/ Yoast SEO plugin. -->","yoast_head_json":{"title":"Reservas - Umana Fisioterapia","robots":{"index":"index","follow":"follow","max-snippet":"max-snippet:-1","max-image-preview":"max-image-preview:large","max-video-preview":"max-video-preview:-1"},"canonical":"https:\/\/umanafisioterapia.com\/eu\/reservas\/","og_locale":"en_US","og_type":"article","og_title":"Reservas - Umana Fisioterapia","og_description":"Solicita una reserva Home CIta Env\u00eda tu solicitud AdultosNi\u00f1osBeb\u00e9s Acepto la Pol\u00edtica [&hellip;]","og_url":"https:\/\/umanafisioterapia.com\/eu\/reservas\/","og_site_name":"Umana Fisioterapia","article_publisher":"https:\/\/www.facebook.com\/p\/UMANA-Fisioterapia-y-OsteopatC3ADa-100057050576070\/?locale=es_ES","article_modified_time":"2025-11-18T08:55:36+00:00","og_image":[{"width":100,"height":100,"url":"https:\/\/umanafisioterapia.com\/wp-content\/uploads\/2024\/07\/therapy-process-4.jpg","type":"image\/jpeg"}],"twitter_card":"summary_large_image","twitter_misc":{"Est. reading time":"1 minutua"},"schema":{"@context":"https:\/\/schema.org","@graph":[{"@type":"WebPage","@id":"https:\/\/umanafisioterapia.com\/reservas\/","url":"https:\/\/umanafisioterapia.com\/reservas\/","name":"Reservas - Umana Fisioterapia","isPartOf":{"@id":"https:\/\/umanafisioterapia.com\/#website"},"primaryImageOfPage":{"@id":"https:\/\/umanafisioterapia.com\/reservas\/#primaryimage"},"image":{"@id":"https:\/\/umanafisioterapia.com\/reservas\/#primaryimage"},"thumbnailUrl":"https:\/\/umanafisioterapia.com\/wp-content\/uploads\/2024\/07\/therapy-process-4.jpg","datePublished":"2025-11-01T09:07:02+00:00","dateModified":"2025-11-18T08:55:36+00:00","breadcrumb":{"@id":"https:\/\/umanafisioterapia.com\/reservas\/#breadcrumb"},"inLanguage":"eu","potentialAction":[{"@type":"ReadAction","target":["https:\/\/umanafisioterapia.com\/reservas\/"]}]},{"@type":"ImageObject","inLanguage":"eu","@id":"https:\/\/umanafisioterapia.com\/reservas\/#primaryimage","url":"https:\/\/umanafisioterapia.com\/wp-content\/uploads\/2024\/07\/therapy-process-4.jpg","contentUrl":"https:\/\/umanafisioterapia.com\/wp-content\/uploads\/2024\/07\/therapy-process-4.jpg"},{"@type":"BreadcrumbList","@id":"https:\/\/umanafisioterapia.com\/reservas\/#breadcrumb","itemListElement":[{"@type":"ListItem","position":1,"name":"Portada","item":"https:\/\/umanafisioterapia.com\/"},{"@type":"ListItem","position":2,"name":"Reservas"}]},{"@type":"WebSite","@id":"https:\/\/umanafisioterapia.com\/#website","url":"https:\/\/umanafisioterapia.com\/","name":"Umana Fisioterapia","description":"Fisioterapia eta Osteopatia Klinika","publisher":{"@id":"https:\/\/umanafisioterapia.com\/#organization"},"potentialAction":[{"@type":"SearchAction","target":{"@type":"EntryPoint","urlTemplate":"https:\/\/umanafisioterapia.com\/?s={search_term_string}"},"query-input":{"@type":"PropertyValueSpecification","valueRequired":true,"valueName":"search_term_string"}}],"inLanguage":"eu"},{"@type":"Organization","@id":"https:\/\/umanafisioterapia.com\/#organization","name":"Umana Fisioterapia","url":"https:\/\/umanafisioterapia.com\/","logo":{"@type":"ImageObject","inLanguage":"eu","@id":"https:\/\/umanafisioterapia.com\/#\/schema\/logo\/image\/","url":"https:\/\/umanafisioterapia.com\/wp-content\/uploads\/2025\/09\/cropped-LogoSinFondo.png","contentUrl":"https:\/\/umanafisioterapia.com\/wp-content\/uploads\/2025\/09\/cropped-LogoSinFondo.png","width":346,"height":64,"caption":"Umana Fisioterapia"},"image":{"@id":"https:\/\/umanafisioterapia.com\/#\/schema\/logo\/image\/"},"sameAs":["https:\/\/www.facebook.com\/p\/UMANA-Fisioterapia-y-OsteopatC3ADa-100057050576070\/?locale=es_ES","https:\/\/www.instagram.com\/umana_fisioterapia\/?hl=es"]}]}},"_links":{"self":[{"href":"https:\/\/umanafisioterapia.com\/eu\/wp-json\/wp\/v2\/pages\/2032","targetHints":{"allow":["GET"]}}],"collection":[{"href":"https:\/\/umanafisioterapia.com\/eu\/wp-json\/wp\/v2\/pages"}],"about":[{"href":"https:\/\/umanafisioterapia.com\/eu\/wp-json\/wp\/v2\/types\/page"}],"author":[{"embeddable":true,"href":"https:\/\/umanafisioterapia.com\/eu\/wp-json\/wp\/v2\/users\/2"}],"replies":[{"embeddable":true,"href":"https:\/\/umanafisioterapia.com\/eu\/wp-json\/wp\/v2\/comments?post=2032"}],"version-history":[{"count":23,"href":"https:\/\/umanafisioterapia.com\/eu\/wp-json\/wp\/v2\/pages\/2032\/revisions"}],"predecessor-version":[{"id":7996,"href":"https:\/\/umanafisioterapia.com\/eu\/wp-json\/wp\/v2\/pages\/2032\/revisions\/7996"}],"wp:attachment":[{"href":"https:\/\/umanafisioterapia.com\/eu\/wp-json\/wp\/v2\/media?parent=2032"}],"curies":[{"name":"wp","href":"https:\/\/api.w.org\/{rel}","templated":true}]}}