{"id":7309,"date":"2025-10-30T13:04:59","date_gmt":"2025-10-30T12:04:59","guid":{"rendered":"https:\/\/umanafisioterapia.com\/?page_id=7309"},"modified":"2025-11-18T08:00:56","modified_gmt":"2025-11-18T07:00:56","slug":"osteopatia","status":"publish","type":"page","link":"https:\/\/umanafisioterapia.com\/eu\/tratamientos\/osteopatia\/","title":{"rendered":"Osteopatia"},"content":{"rendered":"<div data-elementor-type=\"wp-page\" data-elementor-id=\"7309\" class=\"elementor elementor-7309\">\n\t\t\t\t<div class=\"elementor-element elementor-element-e5723c2 e-flex e-con-boxed e-con e-parent\" data-id=\"e5723c2\" data-element_type=\"container\" data-e-type=\"container\" data-settings=\"{&quot;background_background&quot;:&quot;classic&quot;}\">\n\t\t\t\t\t<div class=\"e-con-inner\">\n\t\t<div class=\"elementor-element elementor-element-54b7a3c e-con-full e-flex e-con e-child\" data-id=\"54b7a3c\" data-element_type=\"container\" data-e-type=\"container\">\n\t\t\t\t<div class=\"elementor-element elementor-element-19c6535 at-heading-animation at-animation-heading-style-2 elementor-widget elementor-widget-heading\" data-id=\"19c6535\" data-element_type=\"widget\" data-e-type=\"widget\" data-settings=\"{&quot;ekit_we_effect_on&quot;:&quot;none&quot;}\" data-widget_type=\"heading.default\">\n\t\t\t\t\t<h1 class=\"elementor-heading-title elementor-size-default\">Osteopatia<\/h1>\t\t\t\t<\/div>\n\t\t\t\t<div class=\"elementor-element elementor-element-e3f6b95 elementor-invisible elementor-widget elementor-widget-elementskit-breadcrumb\" data-id=\"e3f6b95\" data-element_type=\"widget\" data-e-type=\"widget\" data-settings=\"{&quot;_animation&quot;:&quot;fadeInUp&quot;,&quot;ekit_we_effect_on&quot;:&quot;none&quot;}\" data-widget_type=\"elementskit-breadcrumb.default\">\n\t\t\t\t<div class=\"elementor-widget-container\">\n\t\t\t\t\t<div class=\"ekit-wid-con\" ><ol class=\"ekit-breadcrumb\"><li class=\"ekit_breadcrumbs_start\"><a href=\"https:\/\/umanafisioterapia.com\/eu\">Etxea<\/a><\/li><\/ol><\/div>\t\t\t\t<\/div>\n\t\t\t\t<\/div>\n\t\t\t\t<\/div>\n\t\t\t\t\t<\/div>\n\t\t\t\t<\/div>\n\t\t<div class=\"elementor-element elementor-element-147fbd3 e-flex e-con-boxed e-con e-parent\" data-id=\"147fbd3\" data-element_type=\"container\" data-e-type=\"container\">\n\t\t\t\t\t<div class=\"e-con-inner\">\n\t\t<div class=\"elementor-element elementor-element-8f2f599 e-con-full e-flex e-con e-child\" data-id=\"8f2f599\" data-element_type=\"container\" data-e-type=\"container\">\n\t\t<div class=\"elementor-element elementor-element-d016baa e-con-full e-flex e-con e-child\" data-id=\"d016baa\" data-element_type=\"container\" data-e-type=\"container\">\n\t\t\t\t<div class=\"elementor-element elementor-element-47bb246 elementor-invisible elementor-widget elementor-widget-text-editor\" data-id=\"47bb246\" data-element_type=\"widget\" data-e-type=\"widget\" data-settings=\"{&quot;_animation&quot;:&quot;fadeInUp&quot;,&quot;_animation_delay&quot;:100,&quot;ekit_we_effect_on&quot;:&quot;none&quot;}\" data-widget_type=\"text-editor.default\">\n\t\t\t\t\t\t\t\t\t<p>Osteopatia artikulazio eta ehunen mugikortasun-disfuntzioei eta lesio edo gaixotasunen agerpenarekin duten harremanari buruzko diagnostiko eta eskuzko ikuspegia da. Terapia holistikoa da, gorputz-egitura desberdinetako mugikortasun-alterazioekin lotura egiten duena giza existentziaren hiru esparru fisikoetan zehar:<\/p><ul><li><strong>EGITURAZKOA<\/strong>: sistema muskuloeskeletikoaren disfuntzio posibleak orekatzea du helburu.<\/li><li><strong>ERRAIAK: <\/strong>Pazientearen arazoekin erlazionatuta organoen mugikortasuna eta motilitatea normalizatzea du helburu.<\/li><li><strong>GAREZURRA: <\/strong>Garezur-egitura desberdinen (hezurrak, josturak, meningeak, zainak, arteriak, nerbioak, etab.) arteko mikromugikortasun askatasuna berreskuratzea bilatzen du, gorputzeko sistema desberdinen oreka berrezartzeko. Buruko minak,<\/li><\/ul><p>Helduek, haurtxoek eta haurrek onura atera diezaiekete osteopatiak gorputzaren oreka berreskuratzen laguntzeko eskaintzen dituen emaitzez.<\/p><p><b>OSTEOPATIA FUNTZIONALA<\/b><\/p><p>Eskuzko teknika kontaktu leun eta sakon baten bidez, 3 printzipiotan oinarrituta: globaltasuna, autorregulazioa eta egitura-funtzioa (funtzioak egiten du egitura eta egiturak zehazten du funtzioa).<\/p><p>Gorputzak orekan egotea bilatzen du eta teknika honek bilaketa horretan laguntzen eta laguntzen dio.<\/p>\t\t\t\t\t\t\t\t<\/div>\n\t\t\t\t<\/div>\n\t\t<div class=\"elementor-element elementor-element-b135266 e-con-full e-flex e-con e-child\" data-id=\"b135266\" data-element_type=\"container\" data-e-type=\"container\">\n\t\t\t\t<div class=\"elementor-element elementor-element-0e04453 at-heading-animation at-animation-heading-none elementor-invisible elementor-widget elementor-widget-heading\" data-id=\"0e04453\" data-element_type=\"widget\" data-e-type=\"widget\" data-settings=\"{&quot;_animation&quot;:&quot;fadeInUp&quot;,&quot;_animation_delay&quot;:200,&quot;ekit_we_effect_on&quot;:&quot;none&quot;}\" data-widget_type=\"heading.default\">\n\t\t\t\t\t<h2 class=\"elementor-heading-title elementor-size-default\">Zer jorratzen du osteopatiak?<\/h2>\t\t\t\t<\/div>\n\t\t\t\t<\/div>\n\t\t<div class=\"elementor-element elementor-element-df00629 e-con-full e-flex e-con e-child\" data-id=\"df00629\" data-element_type=\"container\" data-e-type=\"container\">\n\t\t\t\t<div class=\"elementor-element elementor-element-cb7b436 column-2 elementor-icon-list--layout-traditional elementor-list-item-link-full_width elementor-invisible elementor-widget elementor-widget-icon-list\" data-id=\"cb7b436\" data-element_type=\"widget\" data-e-type=\"widget\" data-settings=\"{&quot;_animation&quot;:&quot;fadeInUp&quot;,&quot;_animation_delay&quot;:400,&quot;ekit_we_effect_on&quot;:&quot;none&quot;}\" data-widget_type=\"icon-list.default\">\n\t\t\t\t\t\t\t<ul class=\"elementor-icon-list-items\">\n\t\t\t\t\t\t\t<li class=\"elementor-icon-list-item\">\n\t\t\t\t\t\t\t\t\t\t\t<span class=\"elementor-icon-list-icon\">\n\t\t\t\t\t\t\t<i aria-hidden=\"true\" class=\"fas fa-check-circle\"><\/i>\t\t\t\t\t\t<\/span>\n\t\t\t\t\t\t\t\t\t\t<span class=\"elementor-icon-list-text\">BIZKARREKO MINA ETA PATOLOGIA<\/span>\n\t\t\t\t\t\t\t\t\t<\/li>\n\t\t\t\t\t\t\t\t<li class=\"elementor-icon-list-item\">\n\t\t\t\t\t\t\t\t\t\t\t<span class=\"elementor-icon-list-icon\">\n\t\t\t\t\t\t\t<i aria-hidden=\"true\" class=\"fas fa-check-circle\"><\/i>\t\t\t\t\t\t<\/span>\n\t\t\t\t\t\t\t\t\t\t<span class=\"elementor-icon-list-text\">BERTIGOA \/ ZORABIKOTASUNA<\/span>\n\t\t\t\t\t\t\t\t\t<\/li>\n\t\t\t\t\t\t\t\t<li class=\"elementor-icon-list-item\">\n\t\t\t\t\t\t\t\t\t\t\t<span class=\"elementor-icon-list-icon\">\n\t\t\t\t\t\t\t<i aria-hidden=\"true\" class=\"fas fa-check-circle\"><\/i>\t\t\t\t\t\t<\/span>\n\t\t\t\t\t\t\t\t\t\t<span class=\"elementor-icon-list-text\">BURUKO MINAK\/MIGRAINAK<\/span>\n\t\t\t\t\t\t\t\t\t<\/li>\n\t\t\t\t\t\t\t\t<li class=\"elementor-icon-list-item\">\n\t\t\t\t\t\t\t\t\t\t\t<span class=\"elementor-icon-list-icon\">\n\t\t\t\t\t\t\t<i aria-hidden=\"true\" class=\"fas fa-check-circle\"><\/i>\t\t\t\t\t\t<\/span>\n\t\t\t\t\t\t\t\t\t\t<span class=\"elementor-icon-list-text\">ZIATIKA<\/span>\n\t\t\t\t\t\t\t\t\t<\/li>\n\t\t\t\t\t\t\t\t<li class=\"elementor-icon-list-item\">\n\t\t\t\t\t\t\t\t\t\t\t<span class=\"elementor-icon-list-icon\">\n\t\t\t\t\t\t\t<i aria-hidden=\"true\" class=\"fas fa-check-circle\"><\/i>\t\t\t\t\t\t<\/span>\n\t\t\t\t\t\t\t\t\t\t<span class=\"elementor-icon-list-text\">Tendinitisa<\/span>\n\t\t\t\t\t\t\t\t\t<\/li>\n\t\t\t\t\t\t\t\t<li class=\"elementor-icon-list-item\">\n\t\t\t\t\t\t\t\t\t\t\t<span class=\"elementor-icon-list-icon\">\n\t\t\t\t\t\t\t<i aria-hidden=\"true\" class=\"fas fa-check-circle\"><\/i>\t\t\t\t\t\t<\/span>\n\t\t\t\t\t\t\t\t\t\t<span class=\"elementor-icon-list-text\">DISKO HERNIATUAK<\/span>\n\t\t\t\t\t\t\t\t\t<\/li>\n\t\t\t\t\t\t\t\t<li class=\"elementor-icon-list-item\">\n\t\t\t\t\t\t\t\t\t\t\t<span class=\"elementor-icon-list-icon\">\n\t\t\t\t\t\t\t<i aria-hidden=\"true\" class=\"fas fa-check-circle\"><\/i>\t\t\t\t\t\t<\/span>\n\t\t\t\t\t\t\t\t\t\t<span class=\"elementor-icon-list-text\">HAURDUNALDIKO MINA<\/span>\n\t\t\t\t\t\t\t\t\t<\/li>\n\t\t\t\t\t\t\t\t<li class=\"elementor-icon-list-item\">\n\t\t\t\t\t\t\t\t\t\t\t<span class=\"elementor-icon-list-icon\">\n\t\t\t\t\t\t\t<i aria-hidden=\"true\" class=\"fas fa-check-circle\"><\/i>\t\t\t\t\t\t<\/span>\n\t\t\t\t\t\t\t\t\t\t<span class=\"elementor-icon-list-text\">TINITUA <\/span>\n\t\t\t\t\t\t\t\t\t<\/li>\n\t\t\t\t\t\t\t\t<li class=\"elementor-icon-list-item\">\n\t\t\t\t\t\t\t\t\t\t\t<span class=\"elementor-icon-list-icon\">\n\t\t\t\t\t\t\t<i aria-hidden=\"true\" class=\"fas fa-check-circle\"><\/i>\t\t\t\t\t\t<\/span>\n\t\t\t\t\t\t\t\t\t\t<span class=\"elementor-icon-list-text\">LOTURA EDO MUSKULOESKELETAKO PATOLOGIAK<\/span>\n\t\t\t\t\t\t\t\t\t<\/li>\n\t\t\t\t\t\t\t\t<li class=\"elementor-icon-list-item\">\n\t\t\t\t\t\t\t\t\t\t\t<span class=\"elementor-icon-list-icon\">\n\t\t\t\t\t\t\t<i aria-hidden=\"true\" class=\"fas fa-check-circle\"><\/i>\t\t\t\t\t\t<\/span>\n\t\t\t\t\t\t\t\t\t\t<span class=\"elementor-icon-list-text\">GINEKOLOGIAKO DISFUNZIOAK (ugalkortasuna, dismenorrea...)<\/span>\n\t\t\t\t\t\t\t\t\t<\/li>\n\t\t\t\t\t\t\t\t<li class=\"elementor-icon-list-item\">\n\t\t\t\t\t\t\t\t\t\t\t<span class=\"elementor-icon-list-icon\">\n\t\t\t\t\t\t\t<i aria-hidden=\"true\" class=\"fas fa-check-circle\"><\/i>\t\t\t\t\t\t<\/span>\n\t\t\t\t\t\t\t\t\t\t<span class=\"elementor-icon-list-text\">DIGESTIO-DISFUNTZIOAK (heste narritagarriaren sindromea, idorreria, gastritisa, hiato-hernia, errefluxu patologikoa...)<\/span>\n\t\t\t\t\t\t\t\t\t<\/li>\n\t\t\t\t\t\t<\/ul>\n\t\t\t\t\t\t<\/div>\n\t\t\t\t<\/div>\n\t\t<div class=\"elementor-element elementor-element-d7cb4af e-con-full e-flex e-con e-child\" data-id=\"d7cb4af\" data-element_type=\"container\" data-e-type=\"container\">\n\t\t\t\t<div class=\"elementor-element elementor-element-107724e service-featured-img image-anime at-image-animation at-animation-image-style-1 elementor-widget elementor-widget-image\" data-id=\"107724e\" data-element_type=\"widget\" data-e-type=\"widget\" data-settings=\"{&quot;ekit_we_effect_on&quot;:&quot;none&quot;}\" data-widget_type=\"image.default\">\n\t\t\t\t\t\t\t\t\t\t\t\t\t\t\t<img fetchpriority=\"high\" decoding=\"async\" width=\"2560\" height=\"1920\" src=\"https:\/\/umanafisioterapia.com\/wp-content\/uploads\/2025\/10\/OSTEOPATIA-CRANEAL-1-scaled.jpg\" class=\"attachment-full size-full wp-image-7384\" alt=\"\" srcset=\"https:\/\/umanafisioterapia.com\/wp-content\/uploads\/2025\/10\/OSTEOPATIA-CRANEAL-1-scaled.jpg 2560w, https:\/\/umanafisioterapia.com\/wp-content\/uploads\/2025\/10\/OSTEOPATIA-CRANEAL-1-300x225.jpg 300w, https:\/\/umanafisioterapia.com\/wp-content\/uploads\/2025\/10\/OSTEOPATIA-CRANEAL-1-1024x768.jpg 1024w, https:\/\/umanafisioterapia.com\/wp-content\/uploads\/2025\/10\/OSTEOPATIA-CRANEAL-1-768x576.jpg 768w, https:\/\/umanafisioterapia.com\/wp-content\/uploads\/2025\/10\/OSTEOPATIA-CRANEAL-1-1536x1152.jpg 1536w, https:\/\/umanafisioterapia.com\/wp-content\/uploads\/2025\/10\/OSTEOPATIA-CRANEAL-1-2048x1536.jpg 2048w\" sizes=\"(max-width: 2560px) 100vw, 2560px\" \/>\t\t\t\t\t\t\t\t\t\t\t\t\t\t\t<\/div>\n\t\t\t\t<\/div>\n\t\t<div class=\"elementor-element elementor-element-28323e1 e-con-full e-flex elementor-invisible e-con e-child\" data-id=\"28323e1\" data-element_type=\"container\" data-e-type=\"container\" data-settings=\"{&quot;animation&quot;:&quot;fadeInUp&quot;,&quot;animation_delay&quot;:500}\">\n\t\t\t\t<div class=\"elementor-element elementor-element-b2a0ecd image-anime service-entry-img at-image-animation at-animation-image-style-1 elementor-widget__width-initial elementor-widget-mobile__width-inherit elementor-widget elementor-widget-image\" data-id=\"b2a0ecd\" data-element_type=\"widget\" data-e-type=\"widget\" data-settings=\"{&quot;ekit_we_effect_on&quot;:&quot;none&quot;}\" data-widget_type=\"image.default\">\n\t\t\t\t\t\t\t\t\t\t\t\t\t\t\t<img decoding=\"async\" width=\"2560\" height=\"1920\" src=\"https:\/\/umanafisioterapia.com\/wp-content\/uploads\/2025\/11\/DSCN1338-scaled.jpg\" class=\"attachment-full size-full wp-image-7939\" alt=\"\" srcset=\"https:\/\/umanafisioterapia.com\/wp-content\/uploads\/2025\/11\/DSCN1338-scaled.jpg 2560w, https:\/\/umanafisioterapia.com\/wp-content\/uploads\/2025\/11\/DSCN1338-300x225.jpg 300w, https:\/\/umanafisioterapia.com\/wp-content\/uploads\/2025\/11\/DSCN1338-1024x768.jpg 1024w, https:\/\/umanafisioterapia.com\/wp-content\/uploads\/2025\/11\/DSCN1338-768x576.jpg 768w, https:\/\/umanafisioterapia.com\/wp-content\/uploads\/2025\/11\/DSCN1338-1536x1152.jpg 1536w, https:\/\/umanafisioterapia.com\/wp-content\/uploads\/2025\/11\/DSCN1338-2048x1536.jpg 2048w\" sizes=\"(max-width: 2560px) 100vw, 2560px\" \/>\t\t\t\t\t\t\t\t\t\t\t\t\t\t\t<\/div>\n\t\t\t\t<div class=\"elementor-element elementor-element-ac79d31 image-anime service-entry-img at-image-animation at-animation-image-style-1 elementor-widget__width-initial elementor-widget-mobile__width-inherit elementor-widget elementor-widget-image\" data-id=\"ac79d31\" data-element_type=\"widget\" data-e-type=\"widget\" data-settings=\"{&quot;ekit_we_effect_on&quot;:&quot;none&quot;}\" data-widget_type=\"image.default\">\n\t\t\t\t\t\t\t\t\t\t\t\t\t\t\t<img decoding=\"async\" width=\"2560\" height=\"1920\" src=\"https:\/\/umanafisioterapia.com\/wp-content\/uploads\/2025\/11\/DSCN1345-scaled.jpg\" class=\"attachment-full size-full wp-image-7978\" alt=\"\" srcset=\"https:\/\/umanafisioterapia.com\/wp-content\/uploads\/2025\/11\/DSCN1345-scaled.jpg 2560w, https:\/\/umanafisioterapia.com\/wp-content\/uploads\/2025\/11\/DSCN1345-300x225.jpg 300w, https:\/\/umanafisioterapia.com\/wp-content\/uploads\/2025\/11\/DSCN1345-1024x768.jpg 1024w, https:\/\/umanafisioterapia.com\/wp-content\/uploads\/2025\/11\/DSCN1345-768x576.jpg 768w, https:\/\/umanafisioterapia.com\/wp-content\/uploads\/2025\/11\/DSCN1345-1536x1152.jpg 1536w, https:\/\/umanafisioterapia.com\/wp-content\/uploads\/2025\/11\/DSCN1345-2048x1536.jpg 2048w\" sizes=\"(max-width: 2560px) 100vw, 2560px\" \/>\t\t\t\t\t\t\t\t\t\t\t\t\t\t\t<\/div>\n\t\t\t\t<\/div>\n\t\t\t\t<\/div>\n\t\t<div class=\"elementor-element elementor-element-1de1ad0 e-con-full e-flex e-con e-child\" data-id=\"1de1ad0\" data-element_type=\"container\" data-e-type=\"container\">\n\t\t<div class=\"elementor-element elementor-element-b38f2be e-con-full sticky-column e-flex e-con e-child\" data-id=\"b38f2be\" data-element_type=\"container\" data-e-type=\"container\">\n\t\t\t\t<div class=\"elementor-element elementor-element-9cf09f4 elementor-widget elementor-widget-physiocare-elementor-template\" data-id=\"9cf09f4\" data-element_type=\"widget\" data-e-type=\"widget\" data-settings=\"{&quot;ekit_we_effect_on&quot;:&quot;none&quot;}\" data-widget_type=\"physiocare-elementor-template.default\">\n\t\t\t\t<div class=\"elementor-widget-container\">\n\t\t\t\t\t\t\t<div class=\"elementor-template\">\n\t\t\t\t\t<\/div>\n\t\t\t\t\t\t<\/div>\n\t\t\t\t<\/div>\n\t\t\t\t<\/div>\n\t\t\t\t<\/div>\n\t\t\t\t\t<\/div>\n\t\t\t\t<\/div>\n\t\t\t\t<\/div>","protected":false},"excerpt":{"rendered":"<p>Osteopat\u00eda Home La osteopat\u00eda es un acercamiento diagn\u00f3stico y manual a las [&hellip;]<\/p>\n","protected":false},"author":2,"featured_media":0,"parent":3454,"menu_order":0,"comment_status":"closed","ping_status":"closed","template":"elementor_header_footer","meta":{"ngg_post_thumbnail":0,"footnotes":""},"class_list":["post-7309","page","type-page","status-publish","hentry"],"yoast_head":"<!-- This site is optimized with the Yoast SEO plugin v27.1.1 - https:\/\/yoast.com\/product\/yoast-seo-wordpress\/ -->\n<title>Osteopat\u00eda - Umana Fisioterapia<\/title>\n<meta name=\"robots\" content=\"index, follow, max-snippet:-1, max-image-preview:large, max-video-preview:-1\" \/>\n<link rel=\"canonical\" href=\"https:\/\/umanafisioterapia.com\/eu\/tratamientos\/osteopatia\/\" \/>\n<meta property=\"og:locale\" content=\"en_US\" \/>\n<meta property=\"og:type\" content=\"article\" \/>\n<meta property=\"og:title\" content=\"Osteopat\u00eda - Umana Fisioterapia\" \/>\n<meta property=\"og:description\" content=\"Osteopat\u00eda Home La osteopat\u00eda es un acercamiento diagn\u00f3stico y manual a las [&hellip;]\" \/>\n<meta property=\"og:url\" content=\"https:\/\/umanafisioterapia.com\/eu\/tratamientos\/osteopatia\/\" \/>\n<meta property=\"og:site_name\" content=\"Umana Fisioterapia\" \/>\n<meta property=\"article:publisher\" content=\"https:\/\/www.facebook.com\/p\/UMANA-Fisioterapia-y-OsteopatC3ADa-100057050576070\/?locale=es_ES\" \/>\n<meta property=\"article:modified_time\" content=\"2025-11-18T07:00:56+00:00\" \/>\n<meta property=\"og:image\" content=\"https:\/\/umanafisioterapia.com\/wp-content\/uploads\/2025\/10\/OSTEOPATIA-CRANEAL-1-scaled.jpg\" \/>\n\t<meta property=\"og:image:width\" content=\"2560\" \/>\n\t<meta property=\"og:image:height\" content=\"1920\" \/>\n\t<meta property=\"og:image:type\" content=\"image\/jpeg\" \/>\n<meta name=\"twitter:card\" content=\"summary_large_image\" \/>\n<meta name=\"twitter:label1\" content=\"Est. reading time\" \/>\n\t<meta name=\"twitter:data1\" content=\"1 minutua\" \/>\n<script type=\"application\/ld+json\" class=\"yoast-schema-graph\">{\"@context\":\"https:\/\/schema.org\",\"@graph\":[{\"@type\":\"WebPage\",\"@id\":\"https:\/\/umanafisioterapia.com\/tratamientos\/osteopatia\/\",\"url\":\"https:\/\/umanafisioterapia.com\/tratamientos\/osteopatia\/\",\"name\":\"Osteopat\u00eda - Umana Fisioterapia\",\"isPartOf\":{\"@id\":\"https:\/\/umanafisioterapia.com\/#website\"},\"primaryImageOfPage\":{\"@id\":\"https:\/\/umanafisioterapia.com\/tratamientos\/osteopatia\/#primaryimage\"},\"image\":{\"@id\":\"https:\/\/umanafisioterapia.com\/tratamientos\/osteopatia\/#primaryimage\"},\"thumbnailUrl\":\"https:\/\/umanafisioterapia.com\/wp-content\/uploads\/2025\/10\/OSTEOPATIA-CRANEAL-1-scaled.jpg\",\"datePublished\":\"2025-10-30T12:04:59+00:00\",\"dateModified\":\"2025-11-18T07:00:56+00:00\",\"breadcrumb\":{\"@id\":\"https:\/\/umanafisioterapia.com\/tratamientos\/osteopatia\/#breadcrumb\"},\"inLanguage\":\"eu\",\"potentialAction\":[{\"@type\":\"ReadAction\",\"target\":[\"https:\/\/umanafisioterapia.com\/tratamientos\/osteopatia\/\"]}]},{\"@type\":\"ImageObject\",\"inLanguage\":\"eu\",\"@id\":\"https:\/\/umanafisioterapia.com\/tratamientos\/osteopatia\/#primaryimage\",\"url\":\"https:\/\/umanafisioterapia.com\/wp-content\/uploads\/2025\/10\/OSTEOPATIA-CRANEAL-1-scaled.jpg\",\"contentUrl\":\"https:\/\/umanafisioterapia.com\/wp-content\/uploads\/2025\/10\/OSTEOPATIA-CRANEAL-1-scaled.jpg\"},{\"@type\":\"BreadcrumbList\",\"@id\":\"https:\/\/umanafisioterapia.com\/tratamientos\/osteopatia\/#breadcrumb\",\"itemListElement\":[{\"@type\":\"ListItem\",\"position\":1,\"name\":\"Portada\",\"item\":\"https:\/\/umanafisioterapia.com\/\"},{\"@type\":\"ListItem\",\"position\":2,\"name\":\"Tratamientos\",\"item\":\"https:\/\/umanafisioterapia.com\/tratamientos\/\"},{\"@type\":\"ListItem\",\"position\":3,\"name\":\"Osteopat\u00eda\"}]},{\"@type\":\"WebSite\",\"@id\":\"https:\/\/umanafisioterapia.com\/#website\",\"url\":\"https:\/\/umanafisioterapia.com\/\",\"name\":\"Umana Fisioterapia\",\"description\":\"Cl\u00ednica de Fisioterapia y Osteopat\u00eda\",\"publisher\":{\"@id\":\"https:\/\/umanafisioterapia.com\/#organization\"},\"potentialAction\":[{\"@type\":\"SearchAction\",\"target\":{\"@type\":\"EntryPoint\",\"urlTemplate\":\"https:\/\/umanafisioterapia.com\/?s={search_term_string}\"},\"query-input\":{\"@type\":\"PropertyValueSpecification\",\"valueRequired\":true,\"valueName\":\"search_term_string\"}}],\"inLanguage\":\"eu\"},{\"@type\":\"Organization\",\"@id\":\"https:\/\/umanafisioterapia.com\/#organization\",\"name\":\"Umana Fisioterapia\",\"url\":\"https:\/\/umanafisioterapia.com\/\",\"logo\":{\"@type\":\"ImageObject\",\"inLanguage\":\"eu\",\"@id\":\"https:\/\/umanafisioterapia.com\/#\/schema\/logo\/image\/\",\"url\":\"https:\/\/umanafisioterapia.com\/wp-content\/uploads\/2025\/09\/cropped-LogoSinFondo.png\",\"contentUrl\":\"https:\/\/umanafisioterapia.com\/wp-content\/uploads\/2025\/09\/cropped-LogoSinFondo.png\",\"width\":346,\"height\":64,\"caption\":\"Umana Fisioterapia\"},\"image\":{\"@id\":\"https:\/\/umanafisioterapia.com\/#\/schema\/logo\/image\/\"},\"sameAs\":[\"https:\/\/www.facebook.com\/p\/UMANA-Fisioterapia-y-OsteopatC3ADa-100057050576070\/?locale=es_ES\",\"https:\/\/www.instagram.com\/umana_fisioterapia\/?hl=es\"]}]}<\/script>\n<!-- \/ Yoast SEO plugin. -->","yoast_head_json":{"title":"Osteopat\u00eda - Umana Fisioterapia","robots":{"index":"index","follow":"follow","max-snippet":"max-snippet:-1","max-image-preview":"max-image-preview:large","max-video-preview":"max-video-preview:-1"},"canonical":"https:\/\/umanafisioterapia.com\/eu\/tratamientos\/osteopatia\/","og_locale":"en_US","og_type":"article","og_title":"Osteopat\u00eda - Umana Fisioterapia","og_description":"Osteopat\u00eda Home La osteopat\u00eda es un acercamiento diagn\u00f3stico y manual a las [&hellip;]","og_url":"https:\/\/umanafisioterapia.com\/eu\/tratamientos\/osteopatia\/","og_site_name":"Umana Fisioterapia","article_publisher":"https:\/\/www.facebook.com\/p\/UMANA-Fisioterapia-y-OsteopatC3ADa-100057050576070\/?locale=es_ES","article_modified_time":"2025-11-18T07:00:56+00:00","og_image":[{"width":2560,"height":1920,"url":"https:\/\/umanafisioterapia.com\/wp-content\/uploads\/2025\/10\/OSTEOPATIA-CRANEAL-1-scaled.jpg","type":"image\/jpeg"}],"twitter_card":"summary_large_image","twitter_misc":{"Est. reading time":"1 minutua"},"schema":{"@context":"https:\/\/schema.org","@graph":[{"@type":"WebPage","@id":"https:\/\/umanafisioterapia.com\/tratamientos\/osteopatia\/","url":"https:\/\/umanafisioterapia.com\/tratamientos\/osteopatia\/","name":"Osteopat\u00eda - Umana Fisioterapia","isPartOf":{"@id":"https:\/\/umanafisioterapia.com\/#website"},"primaryImageOfPage":{"@id":"https:\/\/umanafisioterapia.com\/tratamientos\/osteopatia\/#primaryimage"},"image":{"@id":"https:\/\/umanafisioterapia.com\/tratamientos\/osteopatia\/#primaryimage"},"thumbnailUrl":"https:\/\/umanafisioterapia.com\/wp-content\/uploads\/2025\/10\/OSTEOPATIA-CRANEAL-1-scaled.jpg","datePublished":"2025-10-30T12:04:59+00:00","dateModified":"2025-11-18T07:00:56+00:00","breadcrumb":{"@id":"https:\/\/umanafisioterapia.com\/tratamientos\/osteopatia\/#breadcrumb"},"inLanguage":"eu","potentialAction":[{"@type":"ReadAction","target":["https:\/\/umanafisioterapia.com\/tratamientos\/osteopatia\/"]}]},{"@type":"ImageObject","inLanguage":"eu","@id":"https:\/\/umanafisioterapia.com\/tratamientos\/osteopatia\/#primaryimage","url":"https:\/\/umanafisioterapia.com\/wp-content\/uploads\/2025\/10\/OSTEOPATIA-CRANEAL-1-scaled.jpg","contentUrl":"https:\/\/umanafisioterapia.com\/wp-content\/uploads\/2025\/10\/OSTEOPATIA-CRANEAL-1-scaled.jpg"},{"@type":"BreadcrumbList","@id":"https:\/\/umanafisioterapia.com\/tratamientos\/osteopatia\/#breadcrumb","itemListElement":[{"@type":"ListItem","position":1,"name":"Portada","item":"https:\/\/umanafisioterapia.com\/"},{"@type":"ListItem","position":2,"name":"Tratamientos","item":"https:\/\/umanafisioterapia.com\/tratamientos\/"},{"@type":"ListItem","position":3,"name":"Osteopat\u00eda"}]},{"@type":"WebSite","@id":"https:\/\/umanafisioterapia.com\/#website","url":"https:\/\/umanafisioterapia.com\/","name":"Umana Fisioterapia","description":"Fisioterapia eta Osteopatia Klinika","publisher":{"@id":"https:\/\/umanafisioterapia.com\/#organization"},"potentialAction":[{"@type":"SearchAction","target":{"@type":"EntryPoint","urlTemplate":"https:\/\/umanafisioterapia.com\/?s={search_term_string}"},"query-input":{"@type":"PropertyValueSpecification","valueRequired":true,"valueName":"search_term_string"}}],"inLanguage":"eu"},{"@type":"Organization","@id":"https:\/\/umanafisioterapia.com\/#organization","name":"Umana Fisioterapia","url":"https:\/\/umanafisioterapia.com\/","logo":{"@type":"ImageObject","inLanguage":"eu","@id":"https:\/\/umanafisioterapia.com\/#\/schema\/logo\/image\/","url":"https:\/\/umanafisioterapia.com\/wp-content\/uploads\/2025\/09\/cropped-LogoSinFondo.png","contentUrl":"https:\/\/umanafisioterapia.com\/wp-content\/uploads\/2025\/09\/cropped-LogoSinFondo.png","width":346,"height":64,"caption":"Umana Fisioterapia"},"image":{"@id":"https:\/\/umanafisioterapia.com\/#\/schema\/logo\/image\/"},"sameAs":["https:\/\/www.facebook.com\/p\/UMANA-Fisioterapia-y-OsteopatC3ADa-100057050576070\/?locale=es_ES","https:\/\/www.instagram.com\/umana_fisioterapia\/?hl=es"]}]}},"_links":{"self":[{"href":"https:\/\/umanafisioterapia.com\/eu\/wp-json\/wp\/v2\/pages\/7309","targetHints":{"allow":["GET"]}}],"collection":[{"href":"https:\/\/umanafisioterapia.com\/eu\/wp-json\/wp\/v2\/pages"}],"about":[{"href":"https:\/\/umanafisioterapia.com\/eu\/wp-json\/wp\/v2\/types\/page"}],"author":[{"embeddable":true,"href":"https:\/\/umanafisioterapia.com\/eu\/wp-json\/wp\/v2\/users\/2"}],"replies":[{"embeddable":true,"href":"https:\/\/umanafisioterapia.com\/eu\/wp-json\/wp\/v2\/comments?post=7309"}],"version-history":[{"count":19,"href":"https:\/\/umanafisioterapia.com\/eu\/wp-json\/wp\/v2\/pages\/7309\/revisions"}],"predecessor-version":[{"id":8055,"href":"https:\/\/umanafisioterapia.com\/eu\/wp-json\/wp\/v2\/pages\/7309\/revisions\/8055"}],"up":[{"embeddable":true,"href":"https:\/\/umanafisioterapia.com\/eu\/wp-json\/wp\/v2\/pages\/3454"}],"wp:attachment":[{"href":"https:\/\/umanafisioterapia.com\/eu\/wp-json\/wp\/v2\/media?parent=7309"}],"curies":[{"name":"wp","href":"https:\/\/api.w.org\/{rel}","templated":true}]}}