{"id":7323,"date":"2025-10-30T13:17:49","date_gmt":"2025-10-30T12:17:49","guid":{"rendered":"https:\/\/umanafisioterapia.com\/?page_id=7323"},"modified":"2025-12-09T08:48:06","modified_gmt":"2025-12-09T07:48:06","slug":"valoracion","status":"publish","type":"page","link":"https:\/\/umanafisioterapia.com\/eu\/tratamientos\/valoracion\/","title":{"rendered":"Garapen neurologikoaren ebaluazioa"},"content":{"rendered":"<div data-elementor-type=\"wp-page\" data-elementor-id=\"7323\" class=\"elementor elementor-7323\">\n\t\t\t\t<div class=\"elementor-element elementor-element-e5723c2 e-flex e-con-boxed e-con e-parent\" data-id=\"e5723c2\" data-element_type=\"container\" data-e-type=\"container\" data-settings=\"{&quot;background_background&quot;:&quot;classic&quot;}\">\n\t\t\t\t\t<div class=\"e-con-inner\">\n\t\t<div class=\"elementor-element elementor-element-54b7a3c e-con-full e-flex e-con e-child\" data-id=\"54b7a3c\" data-element_type=\"container\" data-e-type=\"container\">\n\t\t\t\t<div class=\"elementor-element elementor-element-19c6535 at-heading-animation at-animation-heading-style-2 elementor-widget elementor-widget-heading\" data-id=\"19c6535\" data-element_type=\"widget\" data-e-type=\"widget\" data-settings=\"{&quot;ekit_we_effect_on&quot;:&quot;none&quot;}\" data-widget_type=\"heading.default\">\n\t\t\t\t\t<h1 class=\"elementor-heading-title elementor-size-default\">Neurogarapenaren ebaluazioa eta laguntza<\/h1>\t\t\t\t<\/div>\n\t\t\t\t<div class=\"elementor-element elementor-element-e3f6b95 elementor-invisible elementor-widget elementor-widget-elementskit-breadcrumb\" data-id=\"e3f6b95\" data-element_type=\"widget\" data-e-type=\"widget\" data-settings=\"{&quot;_animation&quot;:&quot;fadeInUp&quot;,&quot;ekit_we_effect_on&quot;:&quot;none&quot;}\" data-widget_type=\"elementskit-breadcrumb.default\">\n\t\t\t\t<div class=\"elementor-widget-container\">\n\t\t\t\t\t<div class=\"ekit-wid-con\" ><ol class=\"ekit-breadcrumb\"><li class=\"ekit_breadcrumbs_start\"><a href=\"https:\/\/umanafisioterapia.com\/eu\">Etxea<\/a><\/li><\/ol><\/div>\t\t\t\t<\/div>\n\t\t\t\t<\/div>\n\t\t\t\t<\/div>\n\t\t\t\t\t<\/div>\n\t\t\t\t<\/div>\n\t\t<div class=\"elementor-element elementor-element-147fbd3 e-flex e-con-boxed e-con e-parent\" data-id=\"147fbd3\" data-element_type=\"container\" data-e-type=\"container\">\n\t\t\t\t\t<div class=\"e-con-inner\">\n\t\t<div class=\"elementor-element elementor-element-8f2f599 e-con-full e-flex e-con e-child\" data-id=\"8f2f599\" data-element_type=\"container\" data-e-type=\"container\">\n\t\t<div class=\"elementor-element elementor-element-d016baa e-con-full e-flex e-con e-child\" data-id=\"d016baa\" data-element_type=\"container\" data-e-type=\"container\">\n\t\t\t\t<div class=\"elementor-element elementor-element-47bb246 elementor-invisible elementor-widget elementor-widget-text-editor\" data-id=\"47bb246\" data-element_type=\"widget\" data-e-type=\"widget\" data-settings=\"{&quot;_animation&quot;:&quot;fadeInUp&quot;,&quot;_animation_delay&quot;:100,&quot;ekit_we_effect_on&quot;:&quot;none&quot;}\" data-widget_type=\"text-editor.default\">\n\t\t\t\t\t\t\t\t\t<ul><li>Garapen-mugarrien ebaluazioa: iraultzea, arakatzea, arrastaka ibiltzea, ibiltzea\u2026<\/li><li>Familientzako laguntza.<\/li><li>Balizko disfuntzioen detekzioa eta tratamendua<\/li><li>Estimulazio goiztiarra<\/li><\/ul>\t\t\t\t\t\t\t\t<\/div>\n\t\t\t\t<\/div>\n\t\t<div class=\"elementor-element elementor-element-d7cb4af e-con-full e-flex e-con e-child\" data-id=\"d7cb4af\" data-element_type=\"container\" data-e-type=\"container\">\n\t\t\t\t<div class=\"elementor-element elementor-element-107724e service-featured-img image-anime at-image-animation at-animation-image-style-1 elementor-widget elementor-widget-image\" data-id=\"107724e\" data-element_type=\"widget\" data-e-type=\"widget\" data-settings=\"{&quot;ekit_we_effect_on&quot;:&quot;none&quot;}\" data-widget_type=\"image.default\">\n\t\t\t\t\t\t\t\t\t\t\t\t\t\t\t<img fetchpriority=\"high\" decoding=\"async\" width=\"1920\" height=\"2560\" src=\"https:\/\/umanafisioterapia.com\/wp-content\/uploads\/2025\/12\/neurodesarrollo-scaled.jpg\" class=\"attachment-full size-full wp-image-8253\" alt=\"\" srcset=\"https:\/\/umanafisioterapia.com\/wp-content\/uploads\/2025\/12\/neurodesarrollo-scaled.jpg 1920w, https:\/\/umanafisioterapia.com\/wp-content\/uploads\/2025\/12\/neurodesarrollo-225x300.jpg 225w, https:\/\/umanafisioterapia.com\/wp-content\/uploads\/2025\/12\/neurodesarrollo-768x1024.jpg 768w, https:\/\/umanafisioterapia.com\/wp-content\/uploads\/2025\/12\/neurodesarrollo-1152x1536.jpg 1152w, https:\/\/umanafisioterapia.com\/wp-content\/uploads\/2025\/12\/neurodesarrollo-1536x2048.jpg 1536w\" sizes=\"(max-width: 1920px) 100vw, 1920px\" \/>\t\t\t\t\t\t\t\t\t\t\t\t\t\t\t<\/div>\n\t\t\t\t<\/div>\n\t\t\t\t<\/div>\n\t\t<div class=\"elementor-element elementor-element-1de1ad0 e-con-full e-flex e-con e-child\" data-id=\"1de1ad0\" data-element_type=\"container\" data-e-type=\"container\">\n\t\t<div class=\"elementor-element elementor-element-b38f2be e-con-full sticky-column e-flex e-con e-child\" data-id=\"b38f2be\" data-element_type=\"container\" data-e-type=\"container\">\n\t\t\t\t<div class=\"elementor-element elementor-element-9cf09f4 elementor-widget elementor-widget-physiocare-elementor-template\" data-id=\"9cf09f4\" data-element_type=\"widget\" data-e-type=\"widget\" data-settings=\"{&quot;ekit_we_effect_on&quot;:&quot;none&quot;}\" data-widget_type=\"physiocare-elementor-template.default\">\n\t\t\t\t<div class=\"elementor-widget-container\">\n\t\t\t\t\t\t\t<div class=\"elementor-template\">\n\t\t\t\t\t<\/div>\n\t\t\t\t\t\t<\/div>\n\t\t\t\t<\/div>\n\t\t\t\t<\/div>\n\t\t\t\t<\/div>\n\t\t\t\t\t<\/div>\n\t\t\t\t<\/div>\n\t\t\t\t<\/div>","protected":false},"excerpt":{"rendered":"<p>Valoraci\u00f3n y acompa\u00f1amiento en neurodesarrollo Home Valoraci\u00f3n de hitos del desarrollo: volteos, [&hellip;]<\/p>\n","protected":false},"author":2,"featured_media":0,"parent":3454,"menu_order":0,"comment_status":"closed","ping_status":"closed","template":"elementor_header_footer","meta":{"ngg_post_thumbnail":0,"footnotes":""},"class_list":["post-7323","page","type-page","status-publish","hentry"],"yoast_head":"<!-- This site is optimized with the Yoast SEO plugin v27.1.1 - https:\/\/yoast.com\/product\/yoast-seo-wordpress\/ -->\n<title>Valoraci\u00f3n en neurodesarrollo - Umana Fisioterapia<\/title>\n<meta name=\"robots\" content=\"index, follow, max-snippet:-1, max-image-preview:large, max-video-preview:-1\" \/>\n<link rel=\"canonical\" href=\"https:\/\/umanafisioterapia.com\/eu\/tratamientos\/valoracion\/\" \/>\n<meta property=\"og:locale\" content=\"en_US\" \/>\n<meta property=\"og:type\" content=\"article\" \/>\n<meta property=\"og:title\" content=\"Valoraci\u00f3n en neurodesarrollo - Umana Fisioterapia\" \/>\n<meta property=\"og:description\" content=\"Valoraci\u00f3n y acompa\u00f1amiento en neurodesarrollo Home Valoraci\u00f3n de hitos del desarrollo: volteos, [&hellip;]\" \/>\n<meta property=\"og:url\" content=\"https:\/\/umanafisioterapia.com\/eu\/tratamientos\/valoracion\/\" \/>\n<meta property=\"og:site_name\" content=\"Umana Fisioterapia\" \/>\n<meta property=\"article:publisher\" content=\"https:\/\/www.facebook.com\/p\/UMANA-Fisioterapia-y-OsteopatC3ADa-100057050576070\/?locale=es_ES\" \/>\n<meta property=\"article:modified_time\" content=\"2025-12-09T07:48:06+00:00\" \/>\n<meta property=\"og:image\" content=\"https:\/\/umanafisioterapia.com\/wp-content\/uploads\/2025\/12\/neurodesarrollo-scaled.jpg\" \/>\n\t<meta property=\"og:image:width\" content=\"1920\" \/>\n\t<meta property=\"og:image:height\" content=\"2560\" \/>\n\t<meta property=\"og:image:type\" content=\"image\/jpeg\" \/>\n<meta name=\"twitter:card\" content=\"summary_large_image\" \/>\n<meta name=\"twitter:label1\" content=\"Est. reading time\" \/>\n\t<meta name=\"twitter:data1\" content=\"1 minutua\" \/>\n<script type=\"application\/ld+json\" class=\"yoast-schema-graph\">{\"@context\":\"https:\/\/schema.org\",\"@graph\":[{\"@type\":\"WebPage\",\"@id\":\"https:\/\/umanafisioterapia.com\/tratamientos\/valoracion\/\",\"url\":\"https:\/\/umanafisioterapia.com\/tratamientos\/valoracion\/\",\"name\":\"Valoraci\u00f3n en neurodesarrollo - Umana Fisioterapia\",\"isPartOf\":{\"@id\":\"https:\/\/umanafisioterapia.com\/#website\"},\"primaryImageOfPage\":{\"@id\":\"https:\/\/umanafisioterapia.com\/tratamientos\/valoracion\/#primaryimage\"},\"image\":{\"@id\":\"https:\/\/umanafisioterapia.com\/tratamientos\/valoracion\/#primaryimage\"},\"thumbnailUrl\":\"https:\/\/umanafisioterapia.com\/wp-content\/uploads\/2025\/12\/neurodesarrollo-scaled.jpg\",\"datePublished\":\"2025-10-30T12:17:49+00:00\",\"dateModified\":\"2025-12-09T07:48:06+00:00\",\"breadcrumb\":{\"@id\":\"https:\/\/umanafisioterapia.com\/tratamientos\/valoracion\/#breadcrumb\"},\"inLanguage\":\"eu\",\"potentialAction\":[{\"@type\":\"ReadAction\",\"target\":[\"https:\/\/umanafisioterapia.com\/tratamientos\/valoracion\/\"]}]},{\"@type\":\"ImageObject\",\"inLanguage\":\"eu\",\"@id\":\"https:\/\/umanafisioterapia.com\/tratamientos\/valoracion\/#primaryimage\",\"url\":\"https:\/\/umanafisioterapia.com\/wp-content\/uploads\/2025\/12\/neurodesarrollo-scaled.jpg\",\"contentUrl\":\"https:\/\/umanafisioterapia.com\/wp-content\/uploads\/2025\/12\/neurodesarrollo-scaled.jpg\"},{\"@type\":\"BreadcrumbList\",\"@id\":\"https:\/\/umanafisioterapia.com\/tratamientos\/valoracion\/#breadcrumb\",\"itemListElement\":[{\"@type\":\"ListItem\",\"position\":1,\"name\":\"Portada\",\"item\":\"https:\/\/umanafisioterapia.com\/\"},{\"@type\":\"ListItem\",\"position\":2,\"name\":\"Tratamientos\",\"item\":\"https:\/\/umanafisioterapia.com\/tratamientos\/\"},{\"@type\":\"ListItem\",\"position\":3,\"name\":\"Valoraci\u00f3n en neurodesarrollo\"}]},{\"@type\":\"WebSite\",\"@id\":\"https:\/\/umanafisioterapia.com\/#website\",\"url\":\"https:\/\/umanafisioterapia.com\/\",\"name\":\"Umana Fisioterapia\",\"description\":\"Cl\u00ednica de Fisioterapia y Osteopat\u00eda\",\"publisher\":{\"@id\":\"https:\/\/umanafisioterapia.com\/#organization\"},\"potentialAction\":[{\"@type\":\"SearchAction\",\"target\":{\"@type\":\"EntryPoint\",\"urlTemplate\":\"https:\/\/umanafisioterapia.com\/?s={search_term_string}\"},\"query-input\":{\"@type\":\"PropertyValueSpecification\",\"valueRequired\":true,\"valueName\":\"search_term_string\"}}],\"inLanguage\":\"eu\"},{\"@type\":\"Organization\",\"@id\":\"https:\/\/umanafisioterapia.com\/#organization\",\"name\":\"Umana Fisioterapia\",\"url\":\"https:\/\/umanafisioterapia.com\/\",\"logo\":{\"@type\":\"ImageObject\",\"inLanguage\":\"eu\",\"@id\":\"https:\/\/umanafisioterapia.com\/#\/schema\/logo\/image\/\",\"url\":\"https:\/\/umanafisioterapia.com\/wp-content\/uploads\/2025\/09\/cropped-LogoSinFondo.png\",\"contentUrl\":\"https:\/\/umanafisioterapia.com\/wp-content\/uploads\/2025\/09\/cropped-LogoSinFondo.png\",\"width\":346,\"height\":64,\"caption\":\"Umana Fisioterapia\"},\"image\":{\"@id\":\"https:\/\/umanafisioterapia.com\/#\/schema\/logo\/image\/\"},\"sameAs\":[\"https:\/\/www.facebook.com\/p\/UMANA-Fisioterapia-y-OsteopatC3ADa-100057050576070\/?locale=es_ES\",\"https:\/\/www.instagram.com\/umana_fisioterapia\/?hl=es\"]}]}<\/script>\n<!-- \/ Yoast SEO plugin. -->","yoast_head_json":{"title":"Valoraci\u00f3n en neurodesarrollo - Umana Fisioterapia","robots":{"index":"index","follow":"follow","max-snippet":"max-snippet:-1","max-image-preview":"max-image-preview:large","max-video-preview":"max-video-preview:-1"},"canonical":"https:\/\/umanafisioterapia.com\/eu\/tratamientos\/valoracion\/","og_locale":"en_US","og_type":"article","og_title":"Valoraci\u00f3n en neurodesarrollo - Umana Fisioterapia","og_description":"Valoraci\u00f3n y acompa\u00f1amiento en neurodesarrollo Home Valoraci\u00f3n de hitos del desarrollo: volteos, [&hellip;]","og_url":"https:\/\/umanafisioterapia.com\/eu\/tratamientos\/valoracion\/","og_site_name":"Umana Fisioterapia","article_publisher":"https:\/\/www.facebook.com\/p\/UMANA-Fisioterapia-y-OsteopatC3ADa-100057050576070\/?locale=es_ES","article_modified_time":"2025-12-09T07:48:06+00:00","og_image":[{"width":1920,"height":2560,"url":"https:\/\/umanafisioterapia.com\/wp-content\/uploads\/2025\/12\/neurodesarrollo-scaled.jpg","type":"image\/jpeg"}],"twitter_card":"summary_large_image","twitter_misc":{"Est. reading time":"1 minutua"},"schema":{"@context":"https:\/\/schema.org","@graph":[{"@type":"WebPage","@id":"https:\/\/umanafisioterapia.com\/tratamientos\/valoracion\/","url":"https:\/\/umanafisioterapia.com\/tratamientos\/valoracion\/","name":"Valoraci\u00f3n en neurodesarrollo - Umana Fisioterapia","isPartOf":{"@id":"https:\/\/umanafisioterapia.com\/#website"},"primaryImageOfPage":{"@id":"https:\/\/umanafisioterapia.com\/tratamientos\/valoracion\/#primaryimage"},"image":{"@id":"https:\/\/umanafisioterapia.com\/tratamientos\/valoracion\/#primaryimage"},"thumbnailUrl":"https:\/\/umanafisioterapia.com\/wp-content\/uploads\/2025\/12\/neurodesarrollo-scaled.jpg","datePublished":"2025-10-30T12:17:49+00:00","dateModified":"2025-12-09T07:48:06+00:00","breadcrumb":{"@id":"https:\/\/umanafisioterapia.com\/tratamientos\/valoracion\/#breadcrumb"},"inLanguage":"eu","potentialAction":[{"@type":"ReadAction","target":["https:\/\/umanafisioterapia.com\/tratamientos\/valoracion\/"]}]},{"@type":"ImageObject","inLanguage":"eu","@id":"https:\/\/umanafisioterapia.com\/tratamientos\/valoracion\/#primaryimage","url":"https:\/\/umanafisioterapia.com\/wp-content\/uploads\/2025\/12\/neurodesarrollo-scaled.jpg","contentUrl":"https:\/\/umanafisioterapia.com\/wp-content\/uploads\/2025\/12\/neurodesarrollo-scaled.jpg"},{"@type":"BreadcrumbList","@id":"https:\/\/umanafisioterapia.com\/tratamientos\/valoracion\/#breadcrumb","itemListElement":[{"@type":"ListItem","position":1,"name":"Portada","item":"https:\/\/umanafisioterapia.com\/"},{"@type":"ListItem","position":2,"name":"Tratamientos","item":"https:\/\/umanafisioterapia.com\/tratamientos\/"},{"@type":"ListItem","position":3,"name":"Valoraci\u00f3n en neurodesarrollo"}]},{"@type":"WebSite","@id":"https:\/\/umanafisioterapia.com\/#website","url":"https:\/\/umanafisioterapia.com\/","name":"Umana Fisioterapia","description":"Fisioterapia eta Osteopatia Klinika","publisher":{"@id":"https:\/\/umanafisioterapia.com\/#organization"},"potentialAction":[{"@type":"SearchAction","target":{"@type":"EntryPoint","urlTemplate":"https:\/\/umanafisioterapia.com\/?s={search_term_string}"},"query-input":{"@type":"PropertyValueSpecification","valueRequired":true,"valueName":"search_term_string"}}],"inLanguage":"eu"},{"@type":"Organization","@id":"https:\/\/umanafisioterapia.com\/#organization","name":"Umana Fisioterapia","url":"https:\/\/umanafisioterapia.com\/","logo":{"@type":"ImageObject","inLanguage":"eu","@id":"https:\/\/umanafisioterapia.com\/#\/schema\/logo\/image\/","url":"https:\/\/umanafisioterapia.com\/wp-content\/uploads\/2025\/09\/cropped-LogoSinFondo.png","contentUrl":"https:\/\/umanafisioterapia.com\/wp-content\/uploads\/2025\/09\/cropped-LogoSinFondo.png","width":346,"height":64,"caption":"Umana Fisioterapia"},"image":{"@id":"https:\/\/umanafisioterapia.com\/#\/schema\/logo\/image\/"},"sameAs":["https:\/\/www.facebook.com\/p\/UMANA-Fisioterapia-y-OsteopatC3ADa-100057050576070\/?locale=es_ES","https:\/\/www.instagram.com\/umana_fisioterapia\/?hl=es"]}]}},"_links":{"self":[{"href":"https:\/\/umanafisioterapia.com\/eu\/wp-json\/wp\/v2\/pages\/7323","targetHints":{"allow":["GET"]}}],"collection":[{"href":"https:\/\/umanafisioterapia.com\/eu\/wp-json\/wp\/v2\/pages"}],"about":[{"href":"https:\/\/umanafisioterapia.com\/eu\/wp-json\/wp\/v2\/types\/page"}],"author":[{"embeddable":true,"href":"https:\/\/umanafisioterapia.com\/eu\/wp-json\/wp\/v2\/users\/2"}],"replies":[{"embeddable":true,"href":"https:\/\/umanafisioterapia.com\/eu\/wp-json\/wp\/v2\/comments?post=7323"}],"version-history":[{"count":26,"href":"https:\/\/umanafisioterapia.com\/eu\/wp-json\/wp\/v2\/pages\/7323\/revisions"}],"predecessor-version":[{"id":8329,"href":"https:\/\/umanafisioterapia.com\/eu\/wp-json\/wp\/v2\/pages\/7323\/revisions\/8329"}],"up":[{"embeddable":true,"href":"https:\/\/umanafisioterapia.com\/eu\/wp-json\/wp\/v2\/pages\/3454"}],"wp:attachment":[{"href":"https:\/\/umanafisioterapia.com\/eu\/wp-json\/wp\/v2\/media?parent=7323"}],"curies":[{"name":"wp","href":"https:\/\/api.w.org\/{rel}","templated":true}]}}